{"id":560,"date":"2019-01-29T22:41:46","date_gmt":"2019-01-29T22:41:46","guid":{"rendered":"https:\/\/rainbow-events.ch\/?page_id=560"},"modified":"2019-01-29T22:45:27","modified_gmt":"2019-01-29T22:45:27","slug":"fuer-dein-event","status":"publish","type":"page","link":"https:\/\/rainbow-events.ch\/index.php\/fuer-dein-event\/","title":{"rendered":"F\u00fcr dein Event"},"content":{"rendered":"\n<p>Zur Durchf\u00fchrung unserer eigenen Veranstaltungen haben wir uns im Laufe der Zeit diverse n\u00fctzliche Technik zugelegt, die wir zu g\u00fcnstigen Konditionen <a href=\"https:\/\/rainbow-events.ch\/index.php\/fuer-dein-event\/material-miete\/\">vermieten<\/a>. Alle Ger\u00e4te sind von guter Qualit\u00e4t, funktionieren einwandfrei und haben schon zum Gelingen von so manchem Event beigetragen. <\/p>\n","protected":false},"excerpt":{"rendered":"<p>Zur Durchf\u00fchrung unserer eigenen Veranstaltungen haben wir uns im Laufe der Zeit diverse n\u00fctzliche Technik zugelegt, die wir zu g\u00fcnstigen Konditionen vermieten. Alle Ger\u00e4te sind von guter Qualit\u00e4t, funktionieren einwandfrei und haben schon zum Gelingen von so manchem Event beigetragen.<\/p>\n","protected":false},"author":1,"featured_media":0,"parent":0,"menu_order":0,"comment_status":"closed","ping_status":"closed","template":"","meta":{"footnotes":""},"class_list":["post-560","page","type-page","status-publish","hentry"],"_links":{"self":[{"href":"https:\/\/rainbow-events.ch\/index.php\/wp-json\/wp\/v2\/pages\/560","targetHints":{"allow":["GET"]}}],"collection":[{"href":"https:\/\/rainbow-events.ch\/index.php\/wp-json\/wp\/v2\/pages"}],"about":[{"href":"https:\/\/rainbow-events.ch\/index.php\/wp-json\/wp\/v2\/types\/page"}],"author":[{"embeddable":true,"href":"https:\/\/rainbow-events.ch\/index.php\/wp-json\/wp\/v2\/users\/1"}],"replies":[{"embeddable":true,"href":"https:\/\/rainbow-events.ch\/index.php\/wp-json\/wp\/v2\/comments?post=560"}],"version-history":[{"count":2,"href":"https:\/\/rainbow-events.ch\/index.php\/wp-json\/wp\/v2\/pages\/560\/revisions"}],"predecessor-version":[{"id":564,"href":"https:\/\/rainbow-events.ch\/index.php\/wp-json\/wp\/v2\/pages\/560\/revisions\/564"}],"wp:attachment":[{"href":"https:\/\/rainbow-events.ch\/index.php\/wp-json\/wp\/v2\/media?parent=560"}],"curies":[{"name":"wp","href":"https:\/\/api.w.org\/{rel}","templated":true}]}}