{"id":40,"date":"2019-01-15T17:54:25","date_gmt":"2019-01-15T17:54:25","guid":{"rendered":"https:\/\/rainbow-events.ch\/?page_id=40"},"modified":"2021-03-22T18:03:02","modified_gmt":"2021-03-22T18:03:02","slug":"rainbow-events","status":"publish","type":"page","link":"https:\/\/rainbow-events.ch\/","title":{"rendered":"\u00dcber uns"},"content":{"rendered":"\n<p>&#8222;Rainbow Events&#8220; ist ein gemeinn\u00fctziger Verein, welcher zwei Ziele verfolgt:<\/p>\n\n\n\n<p>1. Er unterst\u00fctzt seit 2010 Freizeitprojekte f\u00fcr Menschen mit Behinderungen und chronischen Krankheiten.<br>2. Er f\u00f6rdert ab Sommer 2021 die Schweizer Karaoke-Szene durch Betreiben des <a href=\"http:\/\/www.karaoke-portal.ch\/\">karaoke-portal.ch<\/a>.<\/p>\n\n\n\n<p>In unseren <a href=\"https:\/\/rainbow-events.ch\/index.php\/dokumente\/\">Jahresberichten<\/a> erz\u00e4hlen wir dir gerne, was wir schon alles auf die Beine gestellt haben.<\/p>\n\n\n\n<p>Weitere Informationen zum Verein findest du unter <a href=\"https:\/\/rainbow-events.ch\/index.php\/vorstand\/\">Vorstand<\/a> und in unseren <a href=\"https:\/\/rainbow-events.ch\/index.php\/statuten\/\">Statuten<\/a>.<\/p>\n\n\n<p><img loading=\"lazy\" decoding=\"async\" width=\"400\" height=\"298\" src=\"https:\/\/rainbow-events.ch\/wp-content\/uploads\/2019\/01\/ueber1.png\" alt=\"\" class=\"wp-image-279\" srcset=\"https:\/\/rainbow-events.ch\/wp-content\/uploads\/2019\/01\/ueber1.png 400w, https:\/\/rainbow-events.ch\/wp-content\/uploads\/2019\/01\/ueber1-300x224.png 300w\" sizes=\"auto, (max-width: 400px) 100vw, 400px\" \/><img loading=\"lazy\" decoding=\"async\" width=\"400\" height=\"298\" src=\"https:\/\/rainbow-events.ch\/wp-content\/uploads\/2019\/01\/ueber2.png\" alt=\"\" class=\"wp-image-280\" srcset=\"https:\/\/rainbow-events.ch\/wp-content\/uploads\/2019\/01\/ueber2.png 400w, https:\/\/rainbow-events.ch\/wp-content\/uploads\/2019\/01\/ueber2-300x224.png 300w\" sizes=\"auto, (max-width: 400px) 100vw, 400px\" \/><\/p>","protected":false},"excerpt":{"rendered":"<p>&#8222;Rainbow Events&#8220; ist ein gemeinn\u00fctziger Verein, welcher zwei Ziele verfolgt: 1. Er unterst\u00fctzt seit 2010 Freizeitprojekte f\u00fcr Menschen mit Behinderungen und chronischen Krankheiten.2. Er f\u00f6rdert ab Sommer 2021 die Schweizer Karaoke-Szene durch Betreiben des karaoke-portal.ch. In unseren Jahresberichten erz\u00e4hlen wir dir gerne, was wir schon alles auf die Beine gestellt haben. Weitere<\/p>\n","protected":false},"author":1,"featured_media":0,"parent":0,"menu_order":0,"comment_status":"closed","ping_status":"closed","template":"","meta":{"footnotes":""},"class_list":["post-40","page","type-page","status-publish","hentry"],"_links":{"self":[{"href":"https:\/\/rainbow-events.ch\/index.php\/wp-json\/wp\/v2\/pages\/40","targetHints":{"allow":["GET"]}}],"collection":[{"href":"https:\/\/rainbow-events.ch\/index.php\/wp-json\/wp\/v2\/pages"}],"about":[{"href":"https:\/\/rainbow-events.ch\/index.php\/wp-json\/wp\/v2\/types\/page"}],"author":[{"embeddable":true,"href":"https:\/\/rainbow-events.ch\/index.php\/wp-json\/wp\/v2\/users\/1"}],"replies":[{"embeddable":true,"href":"https:\/\/rainbow-events.ch\/index.php\/wp-json\/wp\/v2\/comments?post=40"}],"version-history":[{"count":14,"href":"https:\/\/rainbow-events.ch\/index.php\/wp-json\/wp\/v2\/pages\/40\/revisions"}],"predecessor-version":[{"id":644,"href":"https:\/\/rainbow-events.ch\/index.php\/wp-json\/wp\/v2\/pages\/40\/revisions\/644"}],"wp:attachment":[{"href":"https:\/\/rainbow-events.ch\/index.php\/wp-json\/wp\/v2\/media?parent=40"}],"curies":[{"name":"wp","href":"https:\/\/api.w.org\/{rel}","templated":true}]}}