{"id":32,"date":"2019-01-15T17:52:39","date_gmt":"2019-01-15T17:52:39","guid":{"rendered":"https:\/\/rainbow-events.ch\/?page_id=32"},"modified":"2019-01-28T20:56:18","modified_gmt":"2019-01-28T20:56:18","slug":"spenden","status":"publish","type":"page","link":"https:\/\/rainbow-events.ch\/index.php\/spenden\/","title":{"rendered":"Spenden"},"content":{"rendered":"\n<p><\/p>\n\n\n\n<p>Wer unsere Idee unterst\u00fctzen m\u00f6chte, kann das gerne mit einer Spende tun.<\/p>\n\n\n\n<p>Wir freuen uns \u00fcber jeden Franken!<\/p>\n\n\n\n<p><strong>Kontoangaben des Vereins Rainbow Events:<\/strong> <br> Postkontonummer:   <strong>89-873238-7 CHF<\/strong>  <br> IBAN: CH44 0900 0000 8987 3238 7<br> BIC: POFICHBEXXX<\/p>\n\n\n\n<p><\/p>\n\n\n\n<p><\/p>\n\n\n\n<p><\/p>\n\n\n\n<p><\/p>\n","protected":false},"excerpt":{"rendered":"<p>Wer unsere Idee unterst\u00fctzen m\u00f6chte, kann das gerne mit einer Spende tun. Wir freuen uns \u00fcber jeden Franken! Kontoangaben des Vereins Rainbow Events: Postkontonummer: 89-873238-7 CHF IBAN: CH44 0900 0000 8987 3238 7 BIC: POFICHBEXXX<\/p>\n","protected":false},"author":1,"featured_media":0,"parent":0,"menu_order":0,"comment_status":"closed","ping_status":"closed","template":"","meta":{"footnotes":""},"class_list":["post-32","page","type-page","status-publish","hentry"],"_links":{"self":[{"href":"https:\/\/rainbow-events.ch\/index.php\/wp-json\/wp\/v2\/pages\/32","targetHints":{"allow":["GET"]}}],"collection":[{"href":"https:\/\/rainbow-events.ch\/index.php\/wp-json\/wp\/v2\/pages"}],"about":[{"href":"https:\/\/rainbow-events.ch\/index.php\/wp-json\/wp\/v2\/types\/page"}],"author":[{"embeddable":true,"href":"https:\/\/rainbow-events.ch\/index.php\/wp-json\/wp\/v2\/users\/1"}],"replies":[{"embeddable":true,"href":"https:\/\/rainbow-events.ch\/index.php\/wp-json\/wp\/v2\/comments?post=32"}],"version-history":[{"count":3,"href":"https:\/\/rainbow-events.ch\/index.php\/wp-json\/wp\/v2\/pages\/32\/revisions"}],"predecessor-version":[{"id":370,"href":"https:\/\/rainbow-events.ch\/index.php\/wp-json\/wp\/v2\/pages\/32\/revisions\/370"}],"wp:attachment":[{"href":"https:\/\/rainbow-events.ch\/index.php\/wp-json\/wp\/v2\/media?parent=32"}],"curies":[{"name":"wp","href":"https:\/\/api.w.org\/{rel}","templated":true}]}}