{"id":268,"date":"2019-01-28T18:11:05","date_gmt":"2019-01-28T18:11:05","guid":{"rendered":"https:\/\/rainbow-events.ch\/?page_id=268"},"modified":"2019-01-28T20:52:00","modified_gmt":"2019-01-28T20:52:00","slug":"unterstuetzung-insieme-aarau-lenzburg","status":"publish","type":"page","link":"https:\/\/rainbow-events.ch\/index.php\/projekte\/unterstuetzung-insieme-aarau-lenzburg\/","title":{"rendered":"Unterst\u00fctzung insieme Aarau-Lenzburg"},"content":{"rendered":"\n<p>Der enge Kontakt zu diesem Ortsverein der <a rel=\"noreferrer noopener\" aria-label=\"insieme (\u00f6ffnet in neuem Tab)\" href=\"https:\/\/insieme.ch\" target=\"_blank\">insieme<\/a> hat f\u00fcr uns jahrelange Tradition und ist der Initiative der Pr\u00e4sidentin der <a href=\"http:\/\/insieme-aarau-lenzburg.ch\" target=\"_blank\" rel=\"noreferrer noopener\" aria-label=\"insieme Aarau-Lenzburg (\u00f6ffnet in neuem Tab)\">insieme Aarau-Lenzburg<\/a> Mary-Claude von Arx zu verdanken.<\/p>\n\n\n\n<p>Mary-Claude hat schon in der vor dem Verein &#8222;Rainbow Events&#8220; existierenden Stiftung &#8222;Rainbow Events&#8220; aktiv zum Gelingen der Projekte und zum L\u00f6sen von Problemen beigetragen (z.B. durch Beratung, wenn wir im Beh\u00f6rdendschungel mal nicht weiter wussten sowie Werbung f\u00fcr das Steelband-Projekt). <\/p>\n\n\n\n<p>Es ergab sich ein enger Kontakt, bei dem wir Einblick in die tollen Freizeitprojekte der insieme Aarau-Lenzburg bekamen aber auch in dessen Schwierigkeiten, diese zu finanzieren. Heute k\u00f6nnen wir stolz auf Spenden von \u00fcber 17&#8217;000 CHF an diese Organisation zur\u00fcckblicken:<\/p>\n\n\n\n<ul class=\"wp-block-list\"><li>Mai 2014: 2&#8217;000 CHF f\u00fcr die insieme Dance Crew<\/li><li>Oktober 2014: 1&#8217;500 CHF f\u00fcr den insieme Chor (Kauf von Jacken mit Chor-Logo) <\/li><li>Mai 2015: 500 CHF f\u00fcr die insieme Aarau-Lenzburg<\/li><li>Juni 2015: 2&#8217;240 CHF f\u00fcr die insieme Dance Crew<\/li><li>Juli 2015: 2&#8217;000 CHF Anfangsfinanzierung vom Kids Club Lenzburg<\/li><li>Juni 2016: 1&#8217;725 CHF f\u00fcr die insieme Dance Crew<\/li><li>November 2016: 2&#8217;000 CHF f\u00fcr den Kids Club Lenzburg<\/li><li>Dezember 2016: 2&#8217;000 CHF f\u00fcr den insieme Teens Club M\u00f6riken <\/li><li>Juni 2017: Spende von 2000 CHF f\u00fcr die insieme Dance Crew<\/li><li>Juni 2018: Spende von 2000 CHF f\u00fcr den insieme Chor<\/li><\/ul>\n\n\n\n<figure class=\"wp-block-image\"><img loading=\"lazy\" decoding=\"async\" width=\"1024\" height=\"768\" src=\"https:\/\/rainbow-events.ch\/wp-content\/uploads\/2019\/01\/HipHop-City-M\u00e4rt-3.-Mai-2014-00017-1024x768.jpg\" alt=\"\" class=\"wp-image-363\" srcset=\"https:\/\/rainbow-events.ch\/wp-content\/uploads\/2019\/01\/HipHop-City-M\u00e4rt-3.-Mai-2014-00017.jpg 1024w, https:\/\/rainbow-events.ch\/wp-content\/uploads\/2019\/01\/HipHop-City-M\u00e4rt-3.-Mai-2014-00017-500x375.jpg 500w, https:\/\/rainbow-events.ch\/wp-content\/uploads\/2019\/01\/HipHop-City-M\u00e4rt-3.-Mai-2014-00017-768x576.jpg 768w\" sizes=\"auto, (max-width: 1024px) 100vw, 1024px\" \/><\/figure>\n","protected":false},"excerpt":{"rendered":"<p>Der enge Kontakt zu diesem Ortsverein der insieme hat f\u00fcr uns jahrelange Tradition und ist der Initiative der Pr\u00e4sidentin der insieme Aarau-Lenzburg Mary-Claude von Arx zu verdanken. Mary-Claude hat schon in der vor dem Verein &#8222;Rainbow Events&#8220; existierenden Stiftung &#8222;Rainbow Events&#8220; aktiv zum Gelingen der Projekte und zum L\u00f6sen von Problemen beigetragen<\/p>\n","protected":false},"author":2,"featured_media":0,"parent":34,"menu_order":0,"comment_status":"closed","ping_status":"closed","template":"","meta":{"footnotes":""},"class_list":["post-268","page","type-page","status-publish","hentry"],"_links":{"self":[{"href":"https:\/\/rainbow-events.ch\/index.php\/wp-json\/wp\/v2\/pages\/268","targetHints":{"allow":["GET"]}}],"collection":[{"href":"https:\/\/rainbow-events.ch\/index.php\/wp-json\/wp\/v2\/pages"}],"about":[{"href":"https:\/\/rainbow-events.ch\/index.php\/wp-json\/wp\/v2\/types\/page"}],"author":[{"embeddable":true,"href":"https:\/\/rainbow-events.ch\/index.php\/wp-json\/wp\/v2\/users\/2"}],"replies":[{"embeddable":true,"href":"https:\/\/rainbow-events.ch\/index.php\/wp-json\/wp\/v2\/comments?post=268"}],"version-history":[{"count":7,"href":"https:\/\/rainbow-events.ch\/index.php\/wp-json\/wp\/v2\/pages\/268\/revisions"}],"predecessor-version":[{"id":364,"href":"https:\/\/rainbow-events.ch\/index.php\/wp-json\/wp\/v2\/pages\/268\/revisions\/364"}],"up":[{"embeddable":true,"href":"https:\/\/rainbow-events.ch\/index.php\/wp-json\/wp\/v2\/pages\/34"}],"wp:attachment":[{"href":"https:\/\/rainbow-events.ch\/index.php\/wp-json\/wp\/v2\/media?parent=268"}],"curies":[{"name":"wp","href":"https:\/\/api.w.org\/{rel}","templated":true}]}}