{"id":201,"date":"2019-01-24T22:15:55","date_gmt":"2019-01-24T22:15:55","guid":{"rendered":"https:\/\/rainbow-events.ch\/?page_id=201"},"modified":"2021-03-22T17:45:14","modified_gmt":"2021-03-22T17:45:14","slug":"statuten","status":"publish","type":"page","link":"https:\/\/rainbow-events.ch\/index.php\/rainbow-events\/statuten\/","title":{"rendered":"Statuten"},"content":{"rendered":"\n<p><strong>Statuten Rainbow Events<\/strong><\/p>\n\n\n\n<p>Rainbow Events,\nc\/o Cornelia Barthel, Veltheimerstrasse 10, 5105 Auenstein<\/p>\n\n\n\n<p>Im Sinne von schlanken Statuten sind Bestimmungen\nin der m\u00e4nnlichen Form aufgef\u00fchrt. Die weibliche Form ist darin mitgemeint.<\/p>\n\n\n\n<p><strong>Statuten<\/strong><\/p>\n\n\n\n<ol class=\"wp-block-list\"><li>Name, Sitz\nund Zweck<\/li><li>Mitgliedschaft<\/li><li>Die Organe<\/li><li>Finanzen<\/li><li>Schlussbestimmungen<\/li><\/ol>\n\n\n\n<h3 class=\"wp-block-heading\">1. Name, Sitz und Zweck<\/h3>\n\n\n\n<p><strong>Art. 1 Name und Sitz<\/strong><\/p>\n\n\n\n<p>Unter dem Namen\n\u201cRainbow Events\u201d besteht ein Verein im Sinne von Art. 60 ff ZGB mit Sitz in\n5105 Auenstein.<\/p>\n\n\n\n<p>Der Verein ist\nparteipolitisch und konfessionell unabh\u00e4ngig und hat gemeinn\u00fctzigen Charakter.<\/p>\n\n\n\n<p><strong>Art. 2 Zweck<\/strong><\/p>\n\n\n\n<p>Der Zweck des\nVereins:<\/p>\n\n\n\n<ul class=\"wp-block-list\"><li>Beschaffung finanzieller Mittel zur Unterst\u00fctzung von Freizeitaktivit\u00e4ten f\u00fcr Menschen mit einer Behinderung, Menschen mit schwerwiegenden psychischen Problemen, Personen mit einer chronischen oder akuten Krankheit und Senioren sowie die eigene Planung und Durchf\u00fchrung solcher Aktivit\u00e4ten.<\/li><li>F\u00f6rderung der Schweizer Karaoke-Szene<\/li><\/ul>\n\n\n\n<h3 class=\"wp-block-heading\">2. Mitgliedschaft<\/h3>\n\n\n\n<p><strong>Art. 3 Mitgliedschaft<\/strong><\/p>\n\n\n\n<p>Die\nMitgliedschaft steht allen Personen und Organisationen offen, die ein Interesse\nan der Erreichung der in Art. 2 genannten Vereinszwecke haben.<\/p>\n\n\n\n<p>Beitrittsgesuche\nsind an den Vorstand zu richten. Der Vorstand entscheidet \u00fcber die Aufnahme\nneuer Mitglieder. Ablehnungen erfolgen ohne Begr\u00fcndung. Ein Rekurs muss an den\nVorstand erfolgen.<\/p>\n\n\n\n<p><strong>Art. 4 Mitglieder-Kategorien<\/strong><\/p>\n\n\n\n<ol class=\"wp-block-list\"><li>Aktivmitglieder: Nat\u00fcrliche Personen, die\ndurch Arbeitseins\u00e4tze den Verein unterst\u00fctzen.<\/li><li>G\u00f6nner: G\u00f6nner sind nat\u00fcrliche oder\njuristische Personen, die den Verein finanziell unterst\u00fctzen. Sie sind\nvereinsrechtlich Passivmitglieder.<\/li><\/ol>\n\n\n\n<p><strong>Art. 5 Austritt<\/strong><\/p>\n\n\n\n<p>Die\nMitgliedschaft bei Aktiven und G\u00f6nnern erlischt durch:<\/p>\n\n\n\n<ul class=\"wp-block-list\"><li>Die schriftliche Erkl\u00e4rung des Austritts<\/li><li>Den Ausschluss aus \u201cwichtigen Gr\u00fcnden\u201d.\nVerantwortlich f\u00fcr den Ausschluss ist der Vorstand.<\/li><\/ul>\n\n\n\n<p><strong>Art. 6 Stimm- und Wahlrecht<\/strong><\/p>\n\n\n\n<ol class=\"wp-block-list\"><li>Aktivmitglieder besitzen Stimm-und Wahlrecht. Wenn bei Abstimmungen Stimmgleichheit besteht, gibt der Vorsitzende den Stichentscheid.<\/li><li>Die Abstimmungen\/ Wahlen erfolgen offen, sofern die Versammlung auf Antrag nicht eine geheime Abstimmung\/ Wahl beschliesst.<\/li><li>G\u00f6nner sind Passivmitglieder und besitzen kein Stimm- und Wahlrecht.<\/li><\/ol>\n\n\n\n<h3 class=\"wp-block-heading\">3. Die Organe<\/h3>\n\n\n\n<p><strong>Art. 7 \u00dcbersicht<\/strong><\/p>\n\n\n\n<p>Die Organe\ndes Vereins sind:<\/p>\n\n\n\n<ol class=\"wp-block-list\"><li>die Mitgliederversammlung<\/li><li>der Vorstand<\/li><\/ol>\n\n\n\n<p><strong>Art. 8\nMitgliederversammlung<\/strong><\/p>\n\n\n\n<ul class=\"wp-block-list\"><li>Die Mitgliederversammlung bildet das oberste Organ des Vereins. Sie besteht aus allen Mitgliedern des Vereins.<\/li><li>Die Mitgliederversammlung wird von einem Vorstandsmitglied geleitet.<\/li><li>Die Mitgliederversammlung tritt j\u00e4hrlich zusammen. Ausserordentliche Mitgliederversammlungen werden einberufen, wenn der Vorstand es f\u00fcr n\u00f6tig erachtet oder wenn 1\/5 der Mitglieder es verlangen.<\/li><li>Antr\u00e4ge m\u00fcssen 2 Wochen vor der MV schriftlich eingereicht werden.<\/li><\/ul>\n\n\n\n<p><strong>Art. 9 Kompetenz der\nMitgliederversammlung<\/strong><\/p>\n\n\n\n<ol class=\"wp-block-list\"><li>Wahl der Vorstandsmitglieder<\/li><li>Genehmigung des Jahresberichtes<\/li><li>Genehmigung der Jahresrechnung<\/li><li>Genehmigung des Voranschlages<\/li><li>Verabschiedung und \u00c4nderung der Statuten<\/li><li>Beschlussfassung \u00fcber die Verwendung des Gewinns und des Vereinsverm\u00f6gens<\/li><li>Beschlussfassung \u00fcber die Aufl\u00f6sung des Vereins und dessen Verm\u00f6gensverwendung<\/li><\/ol>\n\n\n\n<p><strong>Art. 10 Der Vorstand<\/strong><\/p>\n\n\n\n<ul class=\"wp-block-list\"><li>Der Vorstand besteht aus mindestens zwei\nMitgliedern, die jeweils f\u00fcr zwei Jahre von der Mitgliederversammlung gew\u00e4hlt\nwarden. Wiederwahl ist m\u00f6glich.<\/li><li>Der Vorstand konstituiert sich selbst.<\/li><li>Der Vorstand trifft sich so oft, wie es die\nGesch\u00e4fte des Vereins erfordern.<\/li><li>Der Vorstand ist grunds\u00e4tzlich ehrenamtlich\nt\u00e4tig und hat Anrecht auf die Verg\u00fctung der effektiven Spesen.<\/li><\/ul>\n\n\n\n<p><strong>Art. 11 Befugnisse des\nVorstandes<\/strong><\/p>\n\n\n\n<ol class=\"wp-block-list\"><li>Der Vorstand vertritt den Verein nach aussen.<\/li><li>Er ist f\u00fcr die Umsetzung und Ausf\u00fchrung der Beschl\u00fcsse der Mitgliederversammlung zust\u00e4ndig.<\/li><li>Er leitet den Verein und ergreift alle n\u00f6tigen Massnahmen, um den Vereinszweck zu erreichen.<\/li><li>Der Vorstand ist f\u00fcr die Einstellung (Entlassung) der bezahlten und der freiwilligen Mitarbeitenden des Vereins zust\u00e4ndig.<\/li><li>Zeitlich begrenzte Auftr\u00e4ge kann der Vorstand an alle Vereinsmitglieder oder auch an Externe vergeben.<\/li><li>Der Vorstand entscheidet in allen Fragen, die nicht ausdr\u00fccklich der Mitgliederversammlung vorbehalten sind.<\/li><li>Rechtsverbindlich zeichnet 1 Mitglied des Vorstandes.<\/li><\/ol>\n\n\n\n<h3 class=\"wp-block-heading\">4. Finanzen<\/h3>\n\n\n\n<p><strong>Art. 12 Einnahmen<\/strong><\/p>\n\n\n\n<p>Die Einnahmen bestehen aus:<\/p>\n\n\n\n<ul class=\"wp-block-list\"><li>Ertr\u00e4gen aus Veranstaltungen, Aktionen und\nkommerziellen Gesch\u00e4ftsbereichen des Vereins <\/li><li>den freiwilligen Beitr\u00e4gen, Schenkungen und\nVerm\u00e4chtnissen<\/li><li>den Zinsertr\u00e4gen<\/li><\/ul>\n\n\n\n<p><strong>Art. 13 Ausgaben<\/strong><\/p>\n\n\n\n<p>Aus den Einnahmen und vom Verm\u00f6gen\nwerden bestritten:<\/p>\n\n\n\n<ul class=\"wp-block-list\"><li>Freizeitaktivit\u00e4ten im Sinne des\nVereinszwecks <\/li><li>Veranstaltungen und Aktionen des Vereins<\/li><li>kommerzielle Gesch\u00e4ftsbereiche des Vereins<\/li><li>Organisation und Verwaltung des Vereins<\/li><\/ul>\n\n\n\n<p><strong>Art. 14 Mitgliederhaftung<\/strong><\/p>\n\n\n\n<p>F\u00fcr Verbindlichkeiten des Vereins haftet nur das Vereinsverm\u00f6gen. Jede pers\u00f6nliche Haftung der Mitglieder ist ausgeschlossen.<\/p>\n\n\n\n<h3 class=\"wp-block-heading\">5. Schlussbestimmungen<\/h3>\n\n\n\n<p><strong>Art. 15 Statuten\u00e4nderung,\nVerm\u00f6gensverwendung bei Aufl\u00f6sung<\/strong><\/p>\n\n\n\n<p>Eine Statuten\u00e4nderung\nund eine Aufl\u00f6sung des Vereins wird von der Mitgliederversammlung beschlossen\nund erfordert eine Zweidrittelmehrheit der anwesenden Mitglieder. Besitzt der\nVerein Aktiven, so entscheidet die Mitgliederversammlung \u00fcber deren Verwendung.\n<\/p>\n\n\n\n<p><strong>Art. 16 Inkraftsetzung<\/strong><\/p>\n\n\n\n<p>Diese Statuten ersetzen die Statuten von der Gr\u00fcndungsversammlung vom 06.02.2014 und wurden von der Mitgliederversammlung am 12.01.2019 angenommen.<\/p>\n\n\n\n<a href=\"https:\/\/rainbow-events.ch\/wp-content\/uploads\/2019\/01\/statuten-rainbow-events-2019.pdf\">Statuten vom Januar 2019<\/a>\n","protected":false},"excerpt":{"rendered":"<p>Statuten Rainbow Events Rainbow Events, c\/o Cornelia Barthel, Veltheimerstrasse 10, 5105 Auenstein Im Sinne von schlanken Statuten sind Bestimmungen in der m\u00e4nnlichen Form aufgef\u00fchrt. Die weibliche Form ist darin mitgemeint. Statuten Name, Sitz und Zweck Mitgliedschaft Die Organe Finanzen Schlussbestimmungen 1. Name, Sitz und Zweck Art. 1 Name und Sitz Unter dem<\/p>\n","protected":false},"author":2,"featured_media":0,"parent":40,"menu_order":0,"comment_status":"closed","ping_status":"closed","template":"","meta":{"footnotes":""},"class_list":["post-201","page","type-page","status-publish","hentry"],"_links":{"self":[{"href":"https:\/\/rainbow-events.ch\/index.php\/wp-json\/wp\/v2\/pages\/201","targetHints":{"allow":["GET"]}}],"collection":[{"href":"https:\/\/rainbow-events.ch\/index.php\/wp-json\/wp\/v2\/pages"}],"about":[{"href":"https:\/\/rainbow-events.ch\/index.php\/wp-json\/wp\/v2\/types\/page"}],"author":[{"embeddable":true,"href":"https:\/\/rainbow-events.ch\/index.php\/wp-json\/wp\/v2\/users\/2"}],"replies":[{"embeddable":true,"href":"https:\/\/rainbow-events.ch\/index.php\/wp-json\/wp\/v2\/comments?post=201"}],"version-history":[{"count":12,"href":"https:\/\/rainbow-events.ch\/index.php\/wp-json\/wp\/v2\/pages\/201\/revisions"}],"predecessor-version":[{"id":641,"href":"https:\/\/rainbow-events.ch\/index.php\/wp-json\/wp\/v2\/pages\/201\/revisions\/641"}],"up":[{"embeddable":true,"href":"https:\/\/rainbow-events.ch\/index.php\/wp-json\/wp\/v2\/pages\/40"}],"wp:attachment":[{"href":"https:\/\/rainbow-events.ch\/index.php\/wp-json\/wp\/v2\/media?parent=201"}],"curies":[{"name":"wp","href":"https:\/\/api.w.org\/{rel}","templated":true}]}}