{"id":2,"date":"2019-01-15T16:51:25","date_gmt":"2019-01-15T16:51:25","guid":{"rendered":"https:\/\/rainbow-events.ch\/?page_id=2"},"modified":"2021-03-22T18:05:26","modified_gmt":"2021-03-22T18:05:26","slug":"sample-page","status":"publish","type":"page","link":"https:\/\/rainbow-events.ch\/index.php\/projekte\/sample-page\/","title":{"rendered":"Ballonverk\u00e4ufe"},"content":{"rendered":"\n<p>Wir finanzieren unsere Projekte durch den Verkauf von sch\u00f6nen Folienballons.<\/p>\n\n\n\n<p>Seit 2010 kann man bei uns ausserdem f\u00fcr spezielle Aktionstage einen Ballonstand als Kundenattraktion buchen, an dem es besonders g\u00fcnstige Ballons gibt (Subventionierung durch den Veranstalter). Jahrelang bestand z.B. eine Partnerschaft mit IKEA Schweiz (Ballons f\u00fcr nur 4 Chf f\u00fcr IKEA-Family-Mitglieder). Unsere so entstandenen Ballonverkaufsaktionen waren absolute Kundenmagneten. Wir haben sie mit vielen Fotos dokumentiert unter <a rel=\"noreferrer noopener\" aria-label=\" (\u00f6ffnet in neuem Tab)\" href=\"http:\/\/ballons.rainbow-events.ch\" target=\"_blank\">http:\/\/ballons.rainbow-events.ch<\/a> und sind grunds\u00e4tzlich offen f\u00fcr neue Partnerschaften.<\/p>\n\n\n\n<p><\/p>\n\n\n\n<figure class=\"wp-block-image\"><img loading=\"lazy\" decoding=\"async\" width=\"500\" height=\"375\" src=\"https:\/\/rainbow-events.ch\/wp-content\/uploads\/2019\/01\/26-03-2016-IKEA-St-Gallen-2-500px.jpg\" alt=\"\" class=\"wp-image-176\" srcset=\"https:\/\/rainbow-events.ch\/wp-content\/uploads\/2019\/01\/26-03-2016-IKEA-St-Gallen-2-500px.jpg 500w, https:\/\/rainbow-events.ch\/wp-content\/uploads\/2019\/01\/26-03-2016-IKEA-St-Gallen-2-500px-300x225.jpg 300w\" sizes=\"auto, (max-width: 500px) 100vw, 500px\" \/><figcaption> IKEA Family-Event, IKEA St. Gallen  <\/figcaption><\/figure>\n\n\n\n<figure class=\"wp-block-image\"><img loading=\"lazy\" decoding=\"async\" width=\"500\" height=\"281\" src=\"https:\/\/rainbow-events.ch\/wp-content\/uploads\/2019\/01\/Ballonverkauf-IKEA-StGallen-31-10-2016-500px.jpg\" alt=\"\" class=\"wp-image-177\" srcset=\"https:\/\/rainbow-events.ch\/wp-content\/uploads\/2019\/01\/Ballonverkauf-IKEA-StGallen-31-10-2016-500px.jpg 500w, https:\/\/rainbow-events.ch\/wp-content\/uploads\/2019\/01\/Ballonverkauf-IKEA-StGallen-31-10-2016-500px-300x169.jpg 300w\" sizes=\"auto, (max-width: 500px) 100vw, 500px\" \/><figcaption> Halloween-Event, IKEA St. Gallen <\/figcaption><\/figure>\n\n\n\n<figure class=\"wp-block-image\"><img loading=\"lazy\" decoding=\"async\" width=\"500\" height=\"375\" src=\"https:\/\/rainbow-events.ch\/wp-content\/uploads\/2019\/01\/03-30-2013-ikea-dietlikon-ballonverkauf.jpg\" alt=\"\" class=\"wp-image-178\" srcset=\"https:\/\/rainbow-events.ch\/wp-content\/uploads\/2019\/01\/03-30-2013-ikea-dietlikon-ballonverkauf.jpg 500w, https:\/\/rainbow-events.ch\/wp-content\/uploads\/2019\/01\/03-30-2013-ikea-dietlikon-ballonverkauf-300x225.jpg 300w\" sizes=\"auto, (max-width: 500px) 100vw, 500px\" \/><figcaption> IKEA Dietlikon <\/figcaption><\/figure>\n\n\n\n<figure class=\"wp-block-image\"><img loading=\"lazy\" decoding=\"async\" width=\"500\" height=\"375\" src=\"https:\/\/rainbow-events.ch\/wp-content\/uploads\/2019\/01\/Ikea-Spreitenbach-5-Geburtstag_7.jpg\" alt=\"\" class=\"wp-image-179\" srcset=\"https:\/\/rainbow-events.ch\/wp-content\/uploads\/2019\/01\/Ikea-Spreitenbach-5-Geburtstag_7.jpg 500w, https:\/\/rainbow-events.ch\/wp-content\/uploads\/2019\/01\/Ikea-Spreitenbach-5-Geburtstag_7-300x225.jpg 300w\" sizes=\"auto, (max-width: 500px) 100vw, 500px\" \/><figcaption> IKEA Spreitenbach <\/figcaption><\/figure>\n\n\n\n<figure class=\"wp-block-image is-resized\"><img loading=\"lazy\" decoding=\"async\" src=\"https:\/\/rainbow-events.ch\/wp-content\/uploads\/2019\/01\/Ikea-Spreitenbach-5-Geburtstag_4b.jpg\" alt=\"\" class=\"wp-image-180\" width=\"500\" height=\"375\" srcset=\"https:\/\/rainbow-events.ch\/wp-content\/uploads\/2019\/01\/Ikea-Spreitenbach-5-Geburtstag_4b.jpg 400w, https:\/\/rainbow-events.ch\/wp-content\/uploads\/2019\/01\/Ikea-Spreitenbach-5-Geburtstag_4b-300x225.jpg 300w\" sizes=\"auto, (max-width: 500px) 100vw, 500px\" \/><figcaption> 5. Geburtstag IKEA Spreitenbach <\/figcaption><\/figure>\n\n\n\n<figure class=\"wp-block-image is-resized\"><img loading=\"lazy\" decoding=\"async\" src=\"https:\/\/rainbow-events.ch\/wp-content\/uploads\/2019\/01\/Ballonverkauf-IKEA-Pratteln-05-Feb-2011_1.jpg\" alt=\"\" class=\"wp-image-181\" width=\"500\" height=\"375\" srcset=\"https:\/\/rainbow-events.ch\/wp-content\/uploads\/2019\/01\/Ballonverkauf-IKEA-Pratteln-05-Feb-2011_1.jpg 800w, https:\/\/rainbow-events.ch\/wp-content\/uploads\/2019\/01\/Ballonverkauf-IKEA-Pratteln-05-Feb-2011_1-300x225.jpg 300w, https:\/\/rainbow-events.ch\/wp-content\/uploads\/2019\/01\/Ballonverkauf-IKEA-Pratteln-05-Feb-2011_1-768x576.jpg 768w\" sizes=\"auto, (max-width: 500px) 100vw, 500px\" \/><figcaption> IKEA Pratteln <\/figcaption><\/figure>\n","protected":false},"excerpt":{"rendered":"<p>Wir finanzieren unsere Projekte durch den Verkauf von sch\u00f6nen Folienballons. Seit 2010 kann man bei uns ausserdem f\u00fcr spezielle Aktionstage einen Ballonstand als Kundenattraktion buchen, an dem es besonders g\u00fcnstige Ballons gibt (Subventionierung durch den Veranstalter). Jahrelang bestand z.B. eine Partnerschaft mit IKEA Schweiz (Ballons f\u00fcr nur 4 Chf f\u00fcr IKEA-Family-Mitglieder). Unsere<\/p>\n","protected":false},"author":1,"featured_media":0,"parent":34,"menu_order":0,"comment_status":"closed","ping_status":"open","template":"","meta":{"footnotes":""},"class_list":["post-2","page","type-page","status-publish","hentry"],"_links":{"self":[{"href":"https:\/\/rainbow-events.ch\/index.php\/wp-json\/wp\/v2\/pages\/2","targetHints":{"allow":["GET"]}}],"collection":[{"href":"https:\/\/rainbow-events.ch\/index.php\/wp-json\/wp\/v2\/pages"}],"about":[{"href":"https:\/\/rainbow-events.ch\/index.php\/wp-json\/wp\/v2\/types\/page"}],"author":[{"embeddable":true,"href":"https:\/\/rainbow-events.ch\/index.php\/wp-json\/wp\/v2\/users\/1"}],"replies":[{"embeddable":true,"href":"https:\/\/rainbow-events.ch\/index.php\/wp-json\/wp\/v2\/comments?post=2"}],"version-history":[{"count":32,"href":"https:\/\/rainbow-events.ch\/index.php\/wp-json\/wp\/v2\/pages\/2\/revisions"}],"predecessor-version":[{"id":645,"href":"https:\/\/rainbow-events.ch\/index.php\/wp-json\/wp\/v2\/pages\/2\/revisions\/645"}],"up":[{"embeddable":true,"href":"https:\/\/rainbow-events.ch\/index.php\/wp-json\/wp\/v2\/pages\/34"}],"wp:attachment":[{"href":"https:\/\/rainbow-events.ch\/index.php\/wp-json\/wp\/v2\/media?parent=2"}],"curies":[{"name":"wp","href":"https:\/\/api.w.org\/{rel}","templated":true}]}}